 
{"id":16,"date":"2024-05-04T11:12:25","date_gmt":"2024-05-04T15:12:25","guid":{"rendered":"https:\/\/www.evolys.com\/evolys\/?page_id=16"},"modified":"2026-01-09T14:32:49","modified_gmt":"2026-01-09T19:32:49","slug":"accueil","status":"publish","type":"page","link":"https:\/\/www.evolys.com\/en\/","title":{"rendered":"Home"},"content":{"rendered":"<div class=\"wpb-content-wrapper\"><section class=\"vc_section home-section-1\"><div class=\"vc_row wpb_row row top-row wpb_custom_034b39d9bc6c6b310d69e39f0ccf274f\"><div class=\"vc_column_container col-md-4\"><div class=\"wpb_wrapper vc_column-inner\">\r\n\t<div class=\"wpb_single_image wpb_content_element vc_align_right wpb_content_element   img-1 hscroll wpb_custom_81a4f7ef9830bf958462581aa01150fb\" data-appear-animation=\"fadeIn\" data-appear-animation-delay=\"150\"><div class=\"wpb_wrapper\">\r\n\t\t\t\r\n\t\t\t<div class=\"vc_single_image-wrapper   vc_box_border_grey\"><img loading=\"lazy\" decoding=\"async\" width=\"850\" height=\"682\" src=\"https:\/\/www.evolys.com\/wp-content\/uploads\/2024\/05\/Foret-route-homepage.webp\" class=\"vc_single_image-img attachment-full\" alt=\"\" title=\"Foret route homepage\" srcset=\"https:\/\/www.evolys.com\/wp-content\/uploads\/2024\/05\/Foret-route-homepage.webp 850w, https:\/\/www.evolys.com\/wp-content\/uploads\/2024\/05\/Foret-route-homepage-768x616.webp 768w, https:\/\/www.evolys.com\/wp-content\/uploads\/2024\/05\/Foret-route-homepage-640x514.webp 640w, https:\/\/www.evolys.com\/wp-content\/uploads\/2024\/05\/Foret-route-homepage-400x321.webp 400w, https:\/\/www.evolys.com\/wp-content\/uploads\/2024\/05\/Foret-route-homepage-367x294.webp 367w\" sizes=\"auto, (max-width: 850px) 100vw, 850px\" \/><\/div>\r\n\t\t<\/div>\r\n\t<\/div>\r\n<\/div><\/div><div class=\"vc_column_container col-md-4\"><div class=\"wpb_wrapper vc_column-inner\">\n\t<div class=\"wpb_raw_code wpb_raw_js\" >\n\t\t<div class=\"wpb_wrapper\">\n\t\t\t<script src=\"https:\/\/cdnjs.cloudflare.com\/ajax\/libs\/jquery\/3.5.1\/jquery.min.js\"><\/script>\n<script>\n$( window ).on('scroll', function(){\n\n      var scrollTop = $(this).scrollTop();\n      $( '.hscroll' ).css({\n        transform: 'translateX('+  ( -.05 * scrollTop ) +'px)',\n      });\n$( '.hscroll-2' ).css({\n        transform: 'translateX('+  ( +.05 * scrollTop ) +'px)',\n      });\n$( '.hscroll-3' ).css({\n        transform: 'translateY('+  ( +.05 * scrollTop ) +'px)',\n      });\n$( '.hscroll-4' ).css({\n        transform: 'translateY('+  ( +.06 * scrollTop ) +'px)',\n      });\n$( '.hscroll-5' ).css({\n        transform: 'translateY('+  ( -.05 * scrollTop ) +'px)',\n      });\n\n    });\n\n<\/script>\n\t\t<\/div>\n\t<\/div>\n<\/div><\/div><div class=\"vc_column_container col-md-4\"><div class=\"wpb_wrapper vc_column-inner\">\r\n\t<div class=\"wpb_single_image wpb_content_element vc_align_right wpb_content_element   img-2 hscroll-2 wpb_custom_81a4f7ef9830bf958462581aa01150fb\" data-appear-animation=\"fadeIn\" data-appear-animation-delay=\"200\"><div class=\"wpb_wrapper\">\r\n\t\t\t\r\n\t\t\t<div class=\"vc_single_image-wrapper   vc_box_border_grey\"><img loading=\"lazy\" decoding=\"async\" width=\"250\" height=\"298\" src=\"https:\/\/www.evolys.com\/wp-content\/uploads\/2024\/07\/Portrait-of-worker_framed.png\" class=\"vc_single_image-img attachment-full\" alt=\"\" title=\"Portrait of worker_framed\" \/><\/div>\r\n\t\t<\/div>\r\n\t<\/div>\r\n<\/div><\/div><\/div><div class=\"vc_row wpb_row row top-row wpb_custom_034b39d9bc6c6b310d69e39f0ccf274f\"><div class=\"vc_column_container col-md-12\"><div class=\"wpb_wrapper vc_column-inner\">\r\n\t<div class=\"wpb_text_column wpb_content_element center sd-width wpb_custom_7c91d232724f73626cc933bd95b25ff0\" >\r\n\t\t<div class=\"wpb_wrapper\">\r\n\t\t\t<p><img loading=\"lazy\" decoding=\"async\" class=\"alignnone size-medium wp-image-215\" src=\"https:\/\/www.evolys.com\/wp-content\/uploads\/2024\/05\/Evolys_Logo-Couleurs-RVB.svg\" alt=\"\" width=\"300\" height=\"300\" \/>presents a unique opportunity to rapidly implement a proven technology for producing sustainable biocarbon\u2014a strategic raw material essential to the decarbonisation efforts of numerous organisations.<\/p>\n\r\n\t\t<\/div>\r\n\t<\/div>\r\n<div class=\"vc_btn3-container  btn-custom vc_btn3-center vc_do_btn\" >\r\n\t<a class=\"vc_general vc_btn3 vc_btn3-size-md vc_btn3-shape-default vc_btn3-style-classic wpb_custom_6687b26f39488ddbb85ddb3c1ce8e111 vc_btn3-icon-right vc_btn3-color-grey btn\" href=\"https:\/\/www.evolys.com\/en\/a-propos\/\" title=\"About\">DISCOVER <i class=\"vc_btn3-icon fas fa-arrow-right\"><\/i><\/a>\t<\/div>\r\n<\/div><\/div><\/div><div class=\"vc_row wpb_row row top-row wpb_custom_034b39d9bc6c6b310d69e39f0ccf274f\"><div class=\"vc_column_container col-md-4\"><div class=\"wpb_wrapper vc_column-inner\">\r\n\t<div class=\"wpb_single_image wpb_content_element vc_align_left wpb_content_element   img-3 hscroll-3 wpb_custom_81a4f7ef9830bf958462581aa01150fb\" data-appear-animation=\"fadeIn\" data-appear-animation-delay=\"250\"><div class=\"wpb_wrapper\">\r\n\t\t\t\r\n\t\t\t<div class=\"vc_single_image-wrapper   vc_box_border_grey\"><img loading=\"lazy\" decoding=\"async\" width=\"1208\" height=\"1264\" src=\"https:\/\/www.evolys.com\/wp-content\/uploads\/2024\/07\/Woman-Working-Outside_framed.png\" class=\"vc_single_image-img attachment-full\" alt=\"\" title=\"Woman Working Outside_framed\" srcset=\"https:\/\/www.evolys.com\/wp-content\/uploads\/2024\/07\/Woman-Working-Outside_framed.png 1208w, https:\/\/www.evolys.com\/wp-content\/uploads\/2024\/07\/Woman-Working-Outside_framed-979x1024.png 979w, https:\/\/www.evolys.com\/wp-content\/uploads\/2024\/07\/Woman-Working-Outside_framed-768x804.png 768w, https:\/\/www.evolys.com\/wp-content\/uploads\/2024\/07\/Woman-Working-Outside_framed-640x670.png 640w, https:\/\/www.evolys.com\/wp-content\/uploads\/2024\/07\/Woman-Working-Outside_framed-400x419.png 400w, https:\/\/www.evolys.com\/wp-content\/uploads\/2024\/07\/Woman-Working-Outside_framed-367x384.png 367w\" sizes=\"auto, (max-width: 1208px) 100vw, 1208px\" \/><\/div>\r\n\t\t<\/div>\r\n\t<\/div>\r\n\r\n\t<div class=\"wpb_single_image wpb_content_element vc_align_right wpb_content_element   img-4 hscroll-4 wpb_custom_81a4f7ef9830bf958462581aa01150fb\" data-appear-animation=\"fadeIn\" data-appear-animation-delay=\"350\"><div class=\"wpb_wrapper\">\r\n\t\t\t\r\n\t\t\t<div class=\"vc_single_image-wrapper   vc_box_border_grey\"><img loading=\"lazy\" decoding=\"async\" width=\"271\" height=\"260\" src=\"https:\/\/www.evolys.com\/wp-content\/uploads\/2024\/05\/EvolysPPTAsset-4.png\" class=\"vc_single_image-img attachment-full\" alt=\"\" title=\"EvolysPPTAsset 4\" \/><\/div>\r\n\t\t<\/div>\r\n\t<\/div>\r\n<\/div><\/div><div class=\"vc_column_container col-md-4\"><div class=\"wpb_wrapper vc_column-inner\"><\/div><\/div><div class=\"vc_column_container col-md-4\"><div class=\"wpb_wrapper vc_column-inner\">\r\n\t<div class=\"wpb_single_image wpb_content_element vc_align_left wpb_content_element   img-5 hscroll-5 wpb_custom_81a4f7ef9830bf958462581aa01150fb\" data-appear-animation=\"fadeIn\" data-appear-animation-delay=\"300\"><div class=\"wpb_wrapper\">\r\n\t\t\t\r\n\t\t\t<div class=\"vc_single_image-wrapper   vc_box_border_grey\"><img loading=\"lazy\" decoding=\"async\" width=\"466\" height=\"750\" src=\"https:\/\/www.evolys.com\/wp-content\/uploads\/2024\/05\/Foret-champs-homepage.webp\" class=\"vc_single_image-img attachment-full\" alt=\"\" title=\"Foret champs homepage\" srcset=\"https:\/\/www.evolys.com\/wp-content\/uploads\/2024\/05\/Foret-champs-homepage.webp 466w, https:\/\/www.evolys.com\/wp-content\/uploads\/2024\/05\/Foret-champs-homepage-400x644.webp 400w, https:\/\/www.evolys.com\/wp-content\/uploads\/2024\/05\/Foret-champs-homepage-367x591.webp 367w\" sizes=\"auto, (max-width: 466px) 100vw, 466px\" \/><\/div>\r\n\t\t<\/div>\r\n\t<\/div>\r\n<\/div><\/div><\/div><\/section><section data-vc-full-width=\"true\" data-vc-full-width-temp=\"true\" data-vc-full-width-init=\"false\" data-vc-parallax=\"1.5\" data-vc-parallax-image=\"https:\/\/www.evolys.com\/wp-content\/uploads\/2024\/07\/Man-and-woman-working.png\" class=\"vc_section parallax-img mission-section vc_section-has-fill vc_general vc_parallax vc_parallax-content-moving\"><div class=\"vc_row wpb_row row top-row wpb_custom_034b39d9bc6c6b310d69e39f0ccf274f\" data-appear-animation=\"fadeIn\" data-appear-animation-delay=\"300\"><div class=\"vc_column_container col-md-12\"><div class=\"wpb_wrapper vc_column-inner\">\r\n\t<div class=\"wpb_text_column wpb_content_element dot-h3 wpb_custom_7c91d232724f73626cc933bd95b25ff0\" >\r\n\t\t<div class=\"wpb_wrapper\">\r\n\t\t\t<h3>MISSION<\/h3>\n<p>Become a leader in the profitable production of sustainable biocarbon while creating value-in-use for our customers.<\/p>\n\r\n\t\t<\/div>\r\n\t<\/div>\r\n<div class=\"vc_btn3-container  btn-custom vc_btn3-inline vc_do_btn\" >\r\n\t<a class=\"vc_general vc_btn3 vc_btn3-size-md vc_btn3-shape-default vc_btn3-style-classic wpb_custom_6687b26f39488ddbb85ddb3c1ce8e111 vc_btn3-icon-right vc_btn3-color-grey btn\" href=\"https:\/\/www.evolys.com\/en\/nouvelles\/\" title=\"\">LEARN MORE <i class=\"vc_btn3-icon fas fa-arrow-right\"><\/i><\/a>\t<\/div>\r\n<\/div><\/div><\/div><\/section><div class=\"vc_row-full-width vc_clearfix\"><\/div><section data-vc-full-width=\"true\" data-vc-full-width-temp=\"true\" data-vc-full-width-init=\"false\" class=\"vc_section values\"><div class=\"vc_row wpb_row row top-row wpb_custom_034b39d9bc6c6b310d69e39f0ccf274f\"><div class=\"vc_column_container col-md-5\"><div class=\"wpb_wrapper vc_column-inner\">\r\n\t<div class=\"wpb_single_image wpb_content_element vc_align_left wpb_content_element  wpb_custom_81a4f7ef9830bf958462581aa01150fb\"><div class=\"wpb_wrapper\">\r\n\t\t\t\r\n\t\t\t<div class=\"vc_single_image-wrapper   vc_box_border_grey\"><img loading=\"lazy\" decoding=\"async\" width=\"809\" height=\"778\" src=\"https:\/\/www.evolys.com\/wp-content\/uploads\/2024\/05\/img.png\" class=\"vc_single_image-img attachment-full\" alt=\"\" title=\"img\" srcset=\"https:\/\/www.evolys.com\/wp-content\/uploads\/2024\/05\/img.png 809w, https:\/\/www.evolys.com\/wp-content\/uploads\/2024\/05\/img-768x739.png 768w, https:\/\/www.evolys.com\/wp-content\/uploads\/2024\/05\/img-640x615.png 640w, https:\/\/www.evolys.com\/wp-content\/uploads\/2024\/05\/img-400x385.png 400w, https:\/\/www.evolys.com\/wp-content\/uploads\/2024\/05\/img-367x353.png 367w\" sizes=\"auto, (max-width: 809px) 100vw, 809px\" \/><\/div>\r\n\t\t<\/div>\r\n\t<\/div>\r\n<\/div><\/div><div class=\"vc_column_container col-md-7\"><div class=\"wpb_wrapper vc_column-inner\">\r\n\t<div class=\"wpb_text_column wpb_content_element wpb_animate_when_almost_visible wpb_fadeIn fadeIn dot-h3 dot-li wpb_custom_7c91d232724f73626cc933bd95b25ff0\" >\r\n\t\t<div class=\"wpb_wrapper\">\r\n\t\t\t<h3>OUR VALUES<\/h3>\n<ul>\n<li>SAFETY<\/li>\n<li>EXCELLENCE<\/li>\n<li>INNOVATION<\/li>\n<li>RESPECT<\/li>\n<\/ul>\n\r\n\t\t<\/div>\r\n\t<\/div>\r\n<\/div><\/div><\/div><\/section><div class=\"vc_row-full-width vc_clearfix\"><\/div><section data-vc-full-width=\"true\" data-vc-full-width-temp=\"true\" data-vc-full-width-init=\"false\" data-vc-parallax=\"2\" data-vc-parallax-image=\"https:\/\/www.evolys.com\/wp-content\/uploads\/2024\/05\/foret-vue-aerienne.webp\" class=\"vc_section parallax-img home-plx vc_section-has-fill vc_general vc_parallax vc_parallax-content-moving\"><div class=\"vc_row wpb_row row top-row wpb_custom_034b39d9bc6c6b310d69e39f0ccf274f\"><div class=\"vc_column_container col-md-12\"><div class=\"wpb_wrapper vc_column-inner\"><div class=\"vc_empty_space\"   style=\"height: 200px\"><span class=\"vc_empty_space_inner\"><\/span><\/div><\/div><\/div><\/div><\/section><div class=\"vc_row-full-width vc_clearfix\"><\/div><section class=\"vc_section\"><div class=\"vc_row wpb_row row top-row center wpb_custom_034b39d9bc6c6b310d69e39f0ccf274f\"><div class=\"vc_column_container col-md-12\"><div class=\"wpb_wrapper vc_column-inner\">\r\n\t<div class=\"wpb_text_column wpb_content_element center img-h2 wpb_custom_7c91d232724f73626cc933bd95b25ff0\" >\r\n\t\t<div class=\"wpb_wrapper\">\r\n\t\t\t<h2><img loading=\"lazy\" decoding=\"async\" class=\"alignnone size-full wp-image-101\" src=\"https:\/\/www.evolys.com\/wp-content\/uploads\/2024\/05\/Evolys_Logo-Couleurs-RVB.svg\" alt=\"\" width=\"116\" height=\"39\" \/>is<\/h2>\n\r\n\t\t<\/div>\r\n\t<\/div>\r\n\r\n\t<div class=\"wpb_text_column wpb_content_element mini-width wpb_custom_7c91d232724f73626cc933bd95b25ff0\" >\r\n\t\t<div class=\"wpb_wrapper\">\r\n\t\t\t<p>Local sourcing and regional forestry partnerships<\/p>\n\r\n\t\t<\/div>\r\n\t<\/div>\r\n<div class=\"porto-separator   seprate-line\"><hr class=\"separator-line  wpb_content_element align_center\" style=\"background-image: -webkit-linear-gradient(left, transparent, grey, transparent); background-image: linear-gradient(to right, transparent, grey, transparent);\"><\/div>\r\n\t<div class=\"wpb_text_column wpb_content_element mini-width wpb_custom_7c91d232724f73626cc933bd95b25ff0\" >\r\n\t\t<div class=\"wpb_wrapper\">\r\n\t\t\t<p>A Quebec-based ecosystem that creates jobs in several industries involved in biocarbon production<\/p>\n\r\n\t\t<\/div>\r\n\t<\/div>\r\n<div class=\"porto-separator   seprate-line\"><hr class=\"separator-line  wpb_content_element align_center\" style=\"background-image: -webkit-linear-gradient(left, transparent, grey, transparent); background-image: linear-gradient(to right, transparent, grey, transparent);\"><\/div>\r\n\t<div class=\"wpb_text_column wpb_content_element mini-width wpb_custom_7c91d232724f73626cc933bd95b25ff0\" >\r\n\t\t<div class=\"wpb_wrapper\">\r\n\t\t\t<p>Proven, scalable technology to meet the growing demand for biocarbon with an immediate solution<\/p>\n\r\n\t\t<\/div>\r\n\t<\/div>\r\n<div class=\"porto-separator   seprate-line\"><hr class=\"separator-line  wpb_content_element align_center\" style=\"background-image: -webkit-linear-gradient(left, transparent, grey, transparent); background-image: linear-gradient(to right, transparent, grey, transparent);\"><\/div>\r\n\t<div class=\"wpb_text_column wpb_content_element mini-width wpb_custom_7c91d232724f73626cc933bd95b25ff0\" >\r\n\t\t<div class=\"wpb_wrapper\">\r\n\t\t\t<p>Sustainable biocarbon to support innovative industries in Quebec<\/p>\n\r\n\t\t<\/div>\r\n\t<\/div>\r\n<div class=\"vc_btn3-container  btn-custom vc_btn3-center vc_do_btn\" >\r\n\t<a class=\"vc_general vc_btn3 vc_btn3-size-md vc_btn3-shape-default vc_btn3-style-classic wpb_custom_6687b26f39488ddbb85ddb3c1ce8e111 vc_btn3-icon-right vc_btn3-color-grey btn\" href=\"https:\/\/www.evolys.com\/en\/nouvelles\/\" title=\"News\">LEARN MORE <i class=\"vc_btn3-icon fas fa-arrow-right\"><\/i><\/a>\t<\/div>\r\n<\/div><\/div><\/div><\/section><section data-vc-full-width=\"true\" data-vc-full-width-temp=\"true\" data-vc-full-width-init=\"false\" class=\"vc_section green-bg home-bottom\"><div class=\"vc_row wpb_row row top-row wpb_custom_034b39d9bc6c6b310d69e39f0ccf274f\"><div class=\"vc_column_container col-md-12\"><div class=\"wpb_wrapper vc_column-inner\">\r\n\t<div class=\"wpb_text_column wpb_content_element center sd-width wpb_custom_7c91d232724f73626cc933bd95b25ff0\" >\r\n\t\t<div class=\"wpb_wrapper\">\r\n\t\t\t<p><img loading=\"lazy\" decoding=\"async\" class=\"alignnone size-full wp-image-33\" src=\"https:\/\/www.evolys.com\/wp-content\/uploads\/2024\/05\/Evolys_Logo-Blanc-RVB.svg\" alt=\"\" width=\"159\" height=\"52\" \/> , above all, is a solution of the future produced with the energy of today, right here in Quebec.<\/p>\n\r\n\t\t<\/div>\r\n\t<\/div>\r\n<\/div><\/div><\/div><\/section><div class=\"vc_row-full-width vc_clearfix\"><\/div>\n<\/div>","protected":false},"excerpt":{"rendered":"repr\u00e9sente une occasion unique de mettre rapidement en \u0153uvre une technologie \u00e9prouv\u00e9e pour produire du biocarbone durable, une mati\u00e8re premi\u00e8re strat\u00e9gique essentielle qui aidera plusieurs organisations \u00e0 respecter leurs engagements en mati\u00e8re de d\u00e9carbonation. D\u00c9COUVRIR MISSION Devenir un chef de file dans le domaine du biocarbone durable en assurant sa production rentable et en cr\u00e9ant [...]","protected":false},"author":1,"featured_media":0,"parent":0,"menu_order":0,"comment_status":"closed","ping_status":"closed","template":"","meta":{"inline_featured_image":false,"footnotes":""},"class_list":["post-16","page","type-page","status-publish","hentry"],"_links":{"self":[{"href":"https:\/\/www.evolys.com\/en\/wp-json\/wp\/v2\/pages\/16","targetHints":{"allow":["GET"]}}],"collection":[{"href":"https:\/\/www.evolys.com\/en\/wp-json\/wp\/v2\/pages"}],"about":[{"href":"https:\/\/www.evolys.com\/en\/wp-json\/wp\/v2\/types\/page"}],"author":[{"embeddable":true,"href":"https:\/\/www.evolys.com\/en\/wp-json\/wp\/v2\/users\/1"}],"replies":[{"embeddable":true,"href":"https:\/\/www.evolys.com\/en\/wp-json\/wp\/v2\/comments?post=16"}],"version-history":[{"count":66,"href":"https:\/\/www.evolys.com\/en\/wp-json\/wp\/v2\/pages\/16\/revisions"}],"predecessor-version":[{"id":710,"href":"https:\/\/www.evolys.com\/en\/wp-json\/wp\/v2\/pages\/16\/revisions\/710"}],"wp:attachment":[{"href":"https:\/\/www.evolys.com\/en\/wp-json\/wp\/v2\/media?parent=16"}],"curies":[{"name":"wp","href":"https:\/\/api.w.org\/{rel}","templated":true}]}}