 
{"id":55,"date":"2024-05-06T13:27:20","date_gmt":"2024-05-06T17:27:20","guid":{"rendered":"https:\/\/www.evolys.com\/evolys\/?page_id=55"},"modified":"2024-10-15T14:14:16","modified_gmt":"2024-10-15T18:14:16","slug":"a-propos","status":"publish","type":"page","link":"https:\/\/www.evolys.com\/en\/a-propos\/","title":{"rendered":"About"},"content":{"rendered":"<div class=\"wpb-content-wrapper\"><section class=\"vc_section a-propos-section\"><div class=\"vc_row wpb_row row top-row vc_row-o-equal-height vc_row-o-content-middle vc_row-flex wpb_custom_034b39d9bc6c6b310d69e39f0ccf274f\"><div class=\"vc_column_container col-md-7\"><div class=\"wpb_wrapper vc_column-inner\">\r\n\t<div class=\"wpb_text_column wpb_content_element dot-h2 intro-txt wpb_custom_7c91d232724f73626cc933bd95b25ff0\" >\r\n\t\t<div class=\"wpb_wrapper\">\r\n\t\t\t<h2>ABOUT EVOLYS<\/h2>\n<p>Carbon is an essential element in nature. Thanks to its unique ability to combine with other elements, and its wide range of potential uses, it is still needed in industrial activities. To reduce emissions from industrial processes, \u00c9volys has developed an alternative product, producing more environmentally-friendly and sustainable carbon sources. Biocarbon is the carbon naturally absorbed and stored by plants and trees. By developing biocarbon, we are paving the way for new, sustainable value chains that benefit both nature and industry.<\/p>\n\r\n\t\t<\/div>\r\n\t<\/div>\r\n<\/div><\/div><div class=\"vc_column_container col-md-5\"><div class=\"wpb_wrapper vc_column-inner\">\r\n\t<div class=\"wpb_single_image wpb_content_element vc_align_center wpb_content_element  wpb_custom_81a4f7ef9830bf958462581aa01150fb\" data-appear-animation=\"fadeIn\" data-appear-animation-delay=\"250\"><div class=\"wpb_wrapper\">\r\n\t\t\t\r\n\t\t\t<div class=\"vc_single_image-wrapper   vc_box_border_grey\"><img loading=\"lazy\" decoding=\"async\" width=\"1000\" height=\"802\" src=\"https:\/\/www.evolys.com\/wp-content\/uploads\/2024\/07\/Man-with-Yellow-Hemlet_framed.png\" class=\"vc_single_image-img attachment-full\" alt=\"\" title=\"Man with Yellow Hemlet_framed\" srcset=\"https:\/\/www.evolys.com\/wp-content\/uploads\/2024\/07\/Man-with-Yellow-Hemlet_framed.png 1000w, https:\/\/www.evolys.com\/wp-content\/uploads\/2024\/07\/Man-with-Yellow-Hemlet_framed-768x616.png 768w, https:\/\/www.evolys.com\/wp-content\/uploads\/2024\/07\/Man-with-Yellow-Hemlet_framed-640x513.png 640w, https:\/\/www.evolys.com\/wp-content\/uploads\/2024\/07\/Man-with-Yellow-Hemlet_framed-400x321.png 400w, https:\/\/www.evolys.com\/wp-content\/uploads\/2024\/07\/Man-with-Yellow-Hemlet_framed-367x294.png 367w\" sizes=\"auto, (max-width: 1000px) 100vw, 1000px\" \/><\/div>\r\n\t\t<\/div>\r\n\t<\/div>\r\n<\/div><\/div><\/div><div class=\"vc_row wpb_row row top-row about-video wpb_custom_034b39d9bc6c6b310d69e39f0ccf274f\"><div class=\"vc_column_container col-md-12\"><div class=\"wpb_wrapper vc_column-inner\">\n\t<div class=\"wpb_raw_code wpb_raw_html wpb_content_element\" >\n\t\t<div class=\"wpb_wrapper\">\n\t\t\t<div style=\"padding:56.25% 0 0 0;position:relative;\"><iframe src=\"https:\/\/player.vimeo.com\/video\/1007677169?badge=0&amp;autopause=0&amp;player_id=0&amp;app_id=58479\" frameborder=\"0\" allow=\"autoplay; fullscreen; picture-in-picture; clipboard-write\" style=\"position:absolute;top:0;left:0;width:100%;height:100%;\" title=\"Video - coming soon\"><\/iframe><\/div><script src=\"https:\/\/player.vimeo.com\/api\/player.js\"><\/script>\n\t\t<\/div>\n\t<\/div>\n<\/div><\/div><\/div><div class=\"vc_row wpb_row row top-row wpb_custom_034b39d9bc6c6b310d69e39f0ccf274f\"><div class=\"vc_column_container col-md-4\"><div class=\"wpb_wrapper vc_column-inner\">\r\n\t<div class=\"wpb_single_image wpb_content_element vc_align_left wpb_content_element   max-290 mobile-hide wpb_custom_81a4f7ef9830bf958462581aa01150fb\" data-appear-animation=\"fadeIn\" data-appear-animation-delay=\"250\"><div class=\"wpb_wrapper\">\r\n\t\t\t\r\n\t\t\t<div class=\"vc_single_image-wrapper   vc_box_border_grey\"><img loading=\"lazy\" decoding=\"async\" width=\"650\" height=\"1046\" src=\"https:\/\/www.evolys.com\/wp-content\/uploads\/2024\/05\/Copeaux.webp\" class=\"vc_single_image-img attachment-full\" alt=\"\" title=\"Copeaux\" srcset=\"https:\/\/www.evolys.com\/wp-content\/uploads\/2024\/05\/Copeaux.webp 650w, https:\/\/www.evolys.com\/wp-content\/uploads\/2024\/05\/Copeaux-636x1024.webp 636w, https:\/\/www.evolys.com\/wp-content\/uploads\/2024\/05\/Copeaux-640x1030.webp 640w, https:\/\/www.evolys.com\/wp-content\/uploads\/2024\/05\/Copeaux-400x644.webp 400w, https:\/\/www.evolys.com\/wp-content\/uploads\/2024\/05\/Copeaux-367x591.webp 367w\" sizes=\"auto, (max-width: 650px) 100vw, 650px\" \/><\/div>\r\n\t\t<\/div>\r\n\t<\/div>\r\n<\/div><\/div><div class=\"vc_column_container col-md-8\"><div class=\"wpb_wrapper vc_column-inner\">\r\n\t<div class=\"wpb_text_column wpb_content_element dot-h2 about-txt-2 wpb_custom_7c91d232724f73626cc933bd95b25ff0\" >\r\n\t\t<div class=\"wpb_wrapper\">\r\n\t\t\t<h2><strong>BIOCARBON :<\/strong> A WAY TO DECARBONISE OUR METALLURGICAL PROCESSES<\/h2>\n<p>In November 2023, Rio Tinto and Aymium strengthened their partnership in order to develop and trial a renewable biocarbon product for use as an alternative resource to reduce emissions in large-scale industrial processes. The product has been successfully trialed as a replacement for the anthracite used in ilmenite smelting processes at Rio Tinto\u2019s metallurgical complex in Sorel-Tracy, a world-leading producer of high-grade titanium dioxide feedstock as well as iron and steel for specialised applications. Rio Tinto has also made a further equity investment in Aymium. The second investment is part of Rio Tinto\u2019s support for the innovations needed to meet its 2030 emission reduction targets and deliver low-carbon supply chains.<\/p>\n\r\n\t\t<\/div>\r\n\t<\/div>\r\n\r\n\t<div class=\"wpb_text_column wpb_content_element dot-h2 wpb_custom_7c91d232724f73626cc933bd95b25ff0\" >\r\n\t\t<div class=\"wpb_wrapper\">\r\n\t\t\t<h2>THE PARTNERSHIP<\/h2>\n<p>In 2024, Rio Tinto and Aymium teamed up on a project to develop strategic biocarbon activities. The product of that partnership, \u00c9volys, is now Canada\u2019s leading producer of biocarbon.<\/p>\n\r\n\t\t<\/div>\r\n\t<\/div>\r\n<\/div><\/div><\/div><div class=\"vc_row wpb_row row top-row special-img-txt wpb_custom_034b39d9bc6c6b310d69e39f0ccf274f\"><div class=\"vc_column_container col-md-12\"><div class=\"wpb_wrapper vc_column-inner\">\r\n\t<div class=\"wpb_single_image wpb_content_element vc_align_right wpb_content_element   hscroll wpb_custom_81a4f7ef9830bf958462581aa01150fb\" data-appear-animation=\"fadeIn\" data-appear-animation-delay=\"250\"><div class=\"wpb_wrapper\">\r\n\t\t\t\r\n\t\t\t<div class=\"vc_single_image-wrapper   vc_box_border_grey\"><img loading=\"lazy\" decoding=\"async\" width=\"950\" height=\"579\" src=\"https:\/\/www.evolys.com\/wp-content\/uploads\/2024\/05\/Charbon.webp\" class=\"vc_single_image-img attachment-full\" alt=\"\" title=\"Charbon\" srcset=\"https:\/\/www.evolys.com\/wp-content\/uploads\/2024\/05\/Charbon.webp 950w, https:\/\/www.evolys.com\/wp-content\/uploads\/2024\/05\/Charbon-768x468.webp 768w, https:\/\/www.evolys.com\/wp-content\/uploads\/2024\/05\/Charbon-640x390.webp 640w, https:\/\/www.evolys.com\/wp-content\/uploads\/2024\/05\/Charbon-400x244.webp 400w, https:\/\/www.evolys.com\/wp-content\/uploads\/2024\/05\/Charbon-367x224.webp 367w\" sizes=\"auto, (max-width: 950px) 100vw, 950px\" \/><\/div>\r\n\t\t<\/div>\r\n\t<\/div>\r\n\r\n\t<div class=\"wpb_text_column wpb_content_element dot-h2 wpb_custom_7c91d232724f73626cc933bd95b25ff0\" >\r\n\t\t<div class=\"wpb_wrapper\">\r\n\t\t\t<h2>WHAT IS BIOCARBON?<\/h2>\n<p>Biocarbon is an immediately available replacement for the coal products needed for ilmenite processing and other large-scale industrial processes.<\/p>\n\r\n\t\t<\/div>\r\n\t<\/div>\r\n<\/div><\/div><\/div><\/section><section data-vc-full-width=\"true\" data-vc-full-width-temp=\"true\" data-vc-full-width-init=\"false\" class=\"vc_section white-bg process\"><div class=\"vc_row wpb_row row top-row wpb_custom_034b39d9bc6c6b310d69e39f0ccf274f\"><div class=\"vc_column_container col-md-6\"><div class=\"wpb_wrapper vc_column-inner\">\r\n\t<div class=\"wpb_text_column wpb_content_element wpb_custom_7c91d232724f73626cc933bd95b25ff0\" >\r\n\t\t<div class=\"wpb_wrapper\">\r\n\t\t\t<h2>HOW DOES \u00c9VOLYS MAKE BIOCARBON?<\/h2>\n<p>To produce its biocarbon, \u00c9volys sources certified renewable wood fibres from local suppliers.<\/p>\n<p>The fibre comes from regional forestry partners and mainly consists of residues from the forestry sector and from species.<\/p>\n<p>These wood fibres are processed using our innovative pyrolysis technology.<\/p>\n<p>The renewable biocarbon produced by \u00c9volys will replace fossil products, allowing Quebec industries to reduce their emissions.<\/p>\n<p>The metallurgical biocarbon produced by \u00c9volys is the chosen replacement for the anthracite used in some of the operations of Rio Tinto, a world-leading producer of high-grade titanium dioxide feedstock as well as iron and steel for specialised applications.<\/p>\n<p>\u00c9volys will provide Rio Tinto and others with a local supply of metallurgical biocarbon for their Quebec operations, thereby reducing the metallurgical industry\u2019s greenhouse gas emissions and dependence on imported fossil fuels.<\/p>\n\r\n\t\t<\/div>\r\n\t<\/div>\r\n<\/div><\/div><div class=\"vc_column_container col-md-6\"><div class=\"wpb_wrapper vc_column-inner\">\r\n\t<div class=\"wpb_single_image wpb_content_element vc_align_center wpb_content_element   hscroll-2 wpb_custom_81a4f7ef9830bf958462581aa01150fb\" data-appear-animation=\"fadeIn\" data-appear-animation-delay=\"250\"><div class=\"wpb_wrapper\">\r\n\t\t\t\r\n\t\t\t<div class=\"vc_single_image-wrapper   vc_box_border_grey\"><img loading=\"lazy\" decoding=\"async\" width=\"850\" height=\"682\" src=\"https:\/\/www.evolys.com\/wp-content\/uploads\/2024\/05\/Usine.webp\" class=\"vc_single_image-img attachment-full\" alt=\"\" title=\"Usine\" srcset=\"https:\/\/www.evolys.com\/wp-content\/uploads\/2024\/05\/Usine.webp 850w, https:\/\/www.evolys.com\/wp-content\/uploads\/2024\/05\/Usine-768x616.webp 768w, https:\/\/www.evolys.com\/wp-content\/uploads\/2024\/05\/Usine-640x514.webp 640w, https:\/\/www.evolys.com\/wp-content\/uploads\/2024\/05\/Usine-400x321.webp 400w, https:\/\/www.evolys.com\/wp-content\/uploads\/2024\/05\/Usine-367x294.webp 367w\" sizes=\"auto, (max-width: 850px) 100vw, 850px\" \/><\/div>\r\n\t\t<\/div>\r\n\t<\/div>\r\n<\/div><\/div><\/div><\/section><div class=\"vc_row-full-width vc_clearfix\"><\/div><section data-vc-full-width=\"true\" data-vc-full-width-temp=\"true\" data-vc-full-width-init=\"false\" class=\"vc_section green-bg width100-790\"><div class=\"vc_row wpb_row row top-row vc_row-o-equal-height vc_row-o-content-middle vc_row-flex wpb_custom_034b39d9bc6c6b310d69e39f0ccf274f\"><div class=\"vc_column_container col-md-6\"><div class=\"wpb_wrapper vc_column-inner\">\r\n\t<div class=\"wpb_single_image wpb_content_element vc_align_left wpb_content_element   hscroll-2 wpb_custom_81a4f7ef9830bf958462581aa01150fb\" data-appear-animation=\"fadeIn\" data-appear-animation-delay=\"250\"><div class=\"wpb_wrapper\">\r\n\t\t\t\r\n\t\t\t<div class=\"vc_single_image-wrapper   vc_box_border_grey\"><img loading=\"lazy\" decoding=\"async\" width=\"850\" height=\"670\" src=\"https:\/\/www.evolys.com\/wp-content\/uploads\/2024\/05\/Vallee.webp\" class=\"vc_single_image-img attachment-full\" alt=\"\" title=\"Vallee\" srcset=\"https:\/\/www.evolys.com\/wp-content\/uploads\/2024\/05\/Vallee.webp 850w, https:\/\/www.evolys.com\/wp-content\/uploads\/2024\/05\/Vallee-768x605.webp 768w, https:\/\/www.evolys.com\/wp-content\/uploads\/2024\/05\/Vallee-640x504.webp 640w, https:\/\/www.evolys.com\/wp-content\/uploads\/2024\/05\/Vallee-400x315.webp 400w, https:\/\/www.evolys.com\/wp-content\/uploads\/2024\/05\/Vallee-367x289.webp 367w\" sizes=\"auto, (max-width: 850px) 100vw, 850px\" \/><\/div>\r\n\t\t<\/div>\r\n\t<\/div>\r\n<\/div><\/div><div class=\"vc_column_container col-md-6\"><div class=\"wpb_wrapper vc_column-inner\">\r\n\t<div class=\"wpb_text_column wpb_content_element white wpb_custom_7c91d232724f73626cc933bd95b25ff0\" >\r\n\t\t<div class=\"wpb_wrapper\">\r\n\t\t\t<h2>REDUCING OUR EMISSIONS<\/h2>\n<p>Large organisations dedicated to decarbonisation will be that much closer to achieving net zero emissions, all while promoting green technologies and their partnerships with \u00c9volys.<\/p>\n<p>For the province of Quebec, \u00c9volys provides a unique opportunity to rapidly implement a proven technology to produce sustainable biocarbon, a strategic raw material that\u2019s in high demand and will play an essential role in Rio Tinto\u2019s efforts to decarbonise.<\/p>\n<p>By using local biomass, \u00c9volys helps Quebec organisations move from sourcing anthracite globally to sourcing alternative resources locally, thereby reducing their carbon footprint.<br \/>\nBiocarbon production and local sourcing could reduce Type 3 emissions for downstream steel and titanium customers in Quebec.<\/p>\n\r\n\t\t<\/div>\r\n\t<\/div>\r\n<\/div><\/div><\/div><\/section><div class=\"vc_row-full-width vc_clearfix\"><\/div><div class=\"vc_row wpb_row row top-row wpb_custom_034b39d9bc6c6b310d69e39f0ccf274f\"><div class=\"vc_column_container col-md-12\"><div class=\"wpb_wrapper vc_column-inner\"><\/div><\/div><\/div><div data-vc-full-width=\"true\" data-vc-full-width-temp=\"true\" data-vc-full-width-init=\"false\" class=\"vc_row wpb_row row top-row white-bg hide-en video-box wpb_custom_034b39d9bc6c6b310d69e39f0ccf274f\"><div class=\"vc_column_container col-md-12\"><div class=\"wpb_wrapper vc_column-inner\">\n\t<div class=\"wpb_raw_code wpb_raw_html wpb_content_element\" >\n\t\t<div class=\"wpb_wrapper\">\n\t\t\t<div align=\"center\"><video width=\"640\" height=\"480\" autoplay loop muted playsinline>\n  <source src=\"https:\/\/www.evolys.com\/wp-content\/uploads\/2024\/05\/BiocarbonCycleLoop_FR-1.mp4\" type=\"video\/mp4\">\n  Votre navigateur ne prend pas en charge la balise vid\u00e9o.\n<\/video><\/div>\n\t\t<\/div>\n\t<\/div>\n<\/div><\/div><\/div><div class=\"vc_row-full-width vc_clearfix\"><\/div><div data-vc-full-width=\"true\" data-vc-full-width-temp=\"true\" data-vc-full-width-init=\"false\" class=\"vc_row wpb_row row top-row white-bg hide-fr video-box wpb_custom_034b39d9bc6c6b310d69e39f0ccf274f\"><div class=\"vc_column_container col-md-12\"><div class=\"wpb_wrapper vc_column-inner\">\n\t<div class=\"wpb_raw_code wpb_raw_html wpb_content_element\" >\n\t\t<div class=\"wpb_wrapper\">\n\t\t\t<div align=\"center\"><video width=\"640\" height=\"480\" autoplay loop muted playsinline>\n  <source src=\"https:\/\/www.evolys.com\/wp-content\/uploads\/2024\/05\/BiocarbonCycleLoop_EN-1.mp4\" type=\"video\/mp4\">\n  Votre navigateur ne prend pas en charge la balise vid\u00e9o.\n<\/video><\/div>\n\t\t<\/div>\n\t<\/div>\n<\/div><\/div><\/div><div class=\"vc_row-full-width vc_clearfix\"><\/div><section data-vc-full-width=\"true\" data-vc-full-width-temp=\"true\" data-vc-full-width-init=\"false\" data-vc-parallax=\"1.5\" data-vc-parallax-image=\"https:\/\/www.evolys.com\/wp-content\/uploads\/2024\/05\/Foret-Champs.webp\" class=\"vc_section parallax-img a-propos-plx vc_section-has-fill vc_general vc_parallax vc_parallax-content-moving\"><div class=\"vc_row wpb_row row top-row wpb_custom_034b39d9bc6c6b310d69e39f0ccf274f\"><div class=\"vc_column_container col-md-12\"><div class=\"wpb_wrapper vc_column-inner\"><div class=\"vc_empty_space\"   style=\"height: 200px\"><span class=\"vc_empty_space_inner\"><\/span><\/div><\/div><\/div><\/div><\/section><div class=\"vc_row-full-width vc_clearfix\"><\/div>\n<\/div>","protected":false},"excerpt":{"rendered":"\u00c0 PROPOS D\u2019\u00c9VOLYS Le carbone est un \u00e9l\u00e9ment essentiel de la nature. Gr\u00e2ce \u00e0 sa capacit\u00e9 unique \u00e0 se combiner avec d'autres \u00e9l\u00e9ments et \u00e0 la grande diversit\u00e9 de ses utilisations potentielles, il demeure n\u00e9cessaire dans les activit\u00e9s industrielles. Afin de r\u00e9duire les \u00e9missions des proc\u00e9d\u00e9s industriels, \u00c9volys a d\u00e9velopp\u00e9 un produit de substitution, en [...]","protected":false},"author":1,"featured_media":58,"parent":0,"menu_order":0,"comment_status":"closed","ping_status":"closed","template":"","meta":{"inline_featured_image":false,"footnotes":""},"class_list":["post-55","page","type-page","status-publish","has-post-thumbnail","hentry"],"_links":{"self":[{"href":"https:\/\/www.evolys.com\/en\/wp-json\/wp\/v2\/pages\/55","targetHints":{"allow":["GET"]}}],"collection":[{"href":"https:\/\/www.evolys.com\/en\/wp-json\/wp\/v2\/pages"}],"about":[{"href":"https:\/\/www.evolys.com\/en\/wp-json\/wp\/v2\/types\/page"}],"author":[{"embeddable":true,"href":"https:\/\/www.evolys.com\/en\/wp-json\/wp\/v2\/users\/1"}],"replies":[{"embeddable":true,"href":"https:\/\/www.evolys.com\/en\/wp-json\/wp\/v2\/comments?post=55"}],"version-history":[{"count":80,"href":"https:\/\/www.evolys.com\/en\/wp-json\/wp\/v2\/pages\/55\/revisions"}],"predecessor-version":[{"id":443,"href":"https:\/\/www.evolys.com\/en\/wp-json\/wp\/v2\/pages\/55\/revisions\/443"}],"wp:featuredmedia":[{"embeddable":true,"href":"https:\/\/www.evolys.com\/en\/wp-json\/wp\/v2\/media\/58"}],"wp:attachment":[{"href":"https:\/\/www.evolys.com\/en\/wp-json\/wp\/v2\/media?parent=55"}],"curies":[{"name":"wp","href":"https:\/\/api.w.org\/{rel}","templated":true}]}}